{"id":23,"date":"2025-11-28T18:13:38","date_gmt":"2025-11-28T17:13:38","guid":{"rendered":"https:\/\/npoo.biologija.unios.hr\/projekt2\/?page_id=23"},"modified":"2025-12-14T18:25:13","modified_gmt":"2025-12-14T17:25:13","slug":"novosti","status":"publish","type":"page","link":"https:\/\/npoo.biologija.unios.hr\/ekores\/novosti\/","title":{"rendered":"Novosti"},"content":{"rendered":"\r\n<h2 class=\"wp-block-heading\">Odr\u017ean po\u010detni projektni sastanak<\/h2>\r\n\r\n\r\n\r\n<p>Na Odjelu za biologiju Sveu\u010dili\u0161ta J. J. Strossmayera u Osijeku uspje\u0161no je zapo\u010deo projekt \u201eOtpornost ekosustava na kombiniranu prijetnju su\u0161e i degradacije tla: mehanizmi, bioindikatori i prediktivno modeliranje\u201c (EKORES), financiran u sklopu Nacionalnog plana oporavka i otpornosti 2021.\u20132026.<\/p>\r\n\r\n\r\n\r\n<p>Projektni tim \u010dine voditeljica projekta prof. dr. sc. Davorka Hackenberger Kutuzovi\u0107 i suradnici: Prof. dr. sc. Oleg Antoni\u0107, Doc. dr. sc. Jasenka Antunovi\u0107 Duni\u0107, Dr. sc. Tamara \u0110er\u0111, Prof. dr. sc. Branimir Hackenberger Kutuzovi\u0107, Izv. prof. dr. sc. Olga Jovanovi\u0107 Glava\u0161, Prof. dr. sc. Stjepan Kr\u010dmar, Izv. prof. dr. sc. Goran Palijan, Doc. dr. sc. Vesna Per\u0161i\u0107 i Luca Zeli\u0107, vi\u0161i laborant.<\/p>\r\n\r\n\r\n\r\n<figure class=\"wp-block-image size-large\"><img fetchpriority=\"high\" decoding=\"async\" width=\"1024\" height=\"577\" class=\"wp-image-24\" src=\"https:\/\/npoo.biologija.unios.hr\/projekt2\/wp-content\/uploads\/sites\/3\/2025\/12\/EKORES_kick_off-1024x577.jpg\" alt=\"\" srcset=\"https:\/\/npoo.biologija.unios.hr\/ekores\/wp-content\/uploads\/sites\/3\/2025\/12\/EKORES_kick_off-1024x577.jpg 1024w, https:\/\/npoo.biologija.unios.hr\/ekores\/wp-content\/uploads\/sites\/3\/2025\/12\/EKORES_kick_off-300x169.jpg 300w, https:\/\/npoo.biologija.unios.hr\/ekores\/wp-content\/uploads\/sites\/3\/2025\/12\/EKORES_kick_off-768x433.jpg 768w, https:\/\/npoo.biologija.unios.hr\/ekores\/wp-content\/uploads\/sites\/3\/2025\/12\/EKORES_kick_off.jpg 1280w\" sizes=\"(max-width: 1024px) 100vw, 1024px\" \/><\/figure>\r\n\r\n\r\n\r\n<p>EKORES istra\u017euje kako su\u0161a i degradacija tla zajedno utje\u010du na biljni svijet, mikroorganizme i razli\u010dite skupine beskralje\u017enjaka. Istra\u017eivanja \u0107e se provoditi u kontroliranim mezokozmi\u010dkim pokusima te na terenu, na lokalitetima s razli\u010ditim stupnjevima degradacije tla.<\/p>\r\n\r\n\r\n\r\n<p>Cilj projekta je identificirati bioindikatore degradacije, razviti prediktivne modele te predlo\u017eiti mjere koje mogu pomo\u0107i boljem upravljanju tlom i prilagodbi klimatskim promjenama.<\/p>\r\n\r\n\r\n\r\n<p>Projekt traje \u010detiri godine, a njegova provedba pridonijet \u0107e boljem razumijevanju funkcioniranja kopnenih ekosustava pod utjecajem sve u\u010destalijih klimatskih ekstrema.<\/p>\r\n\r\n\r\n<div class=\"wp-block-post-date\"><time datetime=\"2025-11-28T18:13:38+01:00\">28. studenoga 2025.<\/time><\/div>","protected":false},"excerpt":{"rendered":"<p>Odr\u017ean po\u010detni projektni sastanak Na Odjelu za biologiju Sveu\u010dili\u0161ta J. J. Strossmayera u Osijeku uspje\u0161no je zapo\u010deo projekt \u201eOtpornost ekosustava na kombiniranu prijetnju su\u0161e i degradacije tla: mehanizmi, bioindikatori i prediktivno modeliranje\u201c (EKORES), financiran u sklopu Nacionalnog plana oporavka i otpornosti 2021.\u20132026. Projektni tim \u010dine voditeljica projekta prof. dr. sc. Davorka Hackenberger Kutuzovi\u0107 i suradnici: [&hellip;]<\/p>\n","protected":false},"author":3,"featured_media":0,"parent":0,"menu_order":0,"comment_status":"closed","ping_status":"closed","template":"","meta":{"footnotes":""},"class_list":["post-23","page","type-page","status-publish","hentry"],"yoast_head":"<!-- This site is optimized with the Yoast SEO plugin v26.7 - https:\/\/yoast.com\/wordpress\/plugins\/seo\/ -->\n<title>Novosti - EkoRES - Otpornost ekosustava na kombiniranu prijetnju su\u0161e i degradacije tla<\/title>\n<meta name=\"robots\" content=\"index, follow, max-snippet:-1, max-image-preview:large, max-video-preview:-1\" \/>\n<link rel=\"canonical\" href=\"https:\/\/npoo.biologija.unios.hr\/ekores\/novosti\/\" \/>\n<meta property=\"og:locale\" content=\"hr_HR\" \/>\n<meta property=\"og:type\" content=\"article\" \/>\n<meta property=\"og:title\" content=\"Novosti - EkoRES - Otpornost ekosustava na kombiniranu prijetnju su\u0161e i degradacije tla\" \/>\n<meta property=\"og:description\" content=\"Odr\u017ean po\u010detni projektni sastanak Na Odjelu za biologiju Sveu\u010dili\u0161ta J. J. Strossmayera u Osijeku uspje\u0161no je zapo\u010deo projekt \u201eOtpornost ekosustava na kombiniranu prijetnju su\u0161e i degradacije tla: mehanizmi, bioindikatori i prediktivno modeliranje\u201c (EKORES), financiran u sklopu Nacionalnog plana oporavka i otpornosti 2021.\u20132026. Projektni tim \u010dine voditeljica projekta prof. dr. sc. Davorka Hackenberger Kutuzovi\u0107 i suradnici: [&hellip;]\" \/>\n<meta property=\"og:url\" content=\"https:\/\/npoo.biologija.unios.hr\/ekores\/novosti\/\" \/>\n<meta property=\"og:site_name\" content=\"EkoRES - Otpornost ekosustava na kombiniranu prijetnju su\u0161e i degradacije tla\" \/>\n<meta property=\"article:modified_time\" content=\"2025-12-14T17:25:13+00:00\" \/>\n<meta property=\"og:image\" content=\"https:\/\/npoo.biologija.unios.hr\/projekt2\/wp-content\/uploads\/sites\/3\/2025\/12\/EKORES_kick_off-1024x577.jpg\" \/>\n<meta name=\"twitter:card\" content=\"summary_large_image\" \/>\n<meta name=\"twitter:label1\" content=\"Procijenjeno vrijeme \u010ditanja\" \/>\n\t<meta name=\"twitter:data1\" content=\"1 minuta\" \/>\n<script type=\"application\/ld+json\" class=\"yoast-schema-graph\">{\"@context\":\"https:\/\/schema.org\",\"@graph\":[{\"@type\":\"WebPage\",\"@id\":\"https:\/\/npoo.biologija.unios.hr\/ekores\/novosti\/\",\"url\":\"https:\/\/npoo.biologija.unios.hr\/ekores\/novosti\/\",\"name\":\"Novosti - EkoRES - Otpornost ekosustava na kombiniranu prijetnju su\u0161e i degradacije tla\",\"isPartOf\":{\"@id\":\"https:\/\/npoo.biologija.unios.hr\/ekores\/#website\"},\"primaryImageOfPage\":{\"@id\":\"https:\/\/npoo.biologija.unios.hr\/ekores\/novosti\/#primaryimage\"},\"image\":{\"@id\":\"https:\/\/npoo.biologija.unios.hr\/ekores\/novosti\/#primaryimage\"},\"thumbnailUrl\":\"https:\/\/npoo.biologija.unios.hr\/projekt2\/wp-content\/uploads\/sites\/3\/2025\/12\/EKORES_kick_off-1024x577.jpg\",\"datePublished\":\"2025-11-28T17:13:38+00:00\",\"dateModified\":\"2025-12-14T17:25:13+00:00\",\"breadcrumb\":{\"@id\":\"https:\/\/npoo.biologija.unios.hr\/ekores\/novosti\/#breadcrumb\"},\"inLanguage\":\"hr\",\"potentialAction\":[{\"@type\":\"ReadAction\",\"target\":[\"https:\/\/npoo.biologija.unios.hr\/ekores\/novosti\/\"]}]},{\"@type\":\"ImageObject\",\"inLanguage\":\"hr\",\"@id\":\"https:\/\/npoo.biologija.unios.hr\/ekores\/novosti\/#primaryimage\",\"url\":\"https:\/\/npoo.biologija.unios.hr\/projekt2\/wp-content\/uploads\/sites\/3\/2025\/12\/EKORES_kick_off-1024x577.jpg\",\"contentUrl\":\"https:\/\/npoo.biologija.unios.hr\/projekt2\/wp-content\/uploads\/sites\/3\/2025\/12\/EKORES_kick_off-1024x577.jpg\"},{\"@type\":\"BreadcrumbList\",\"@id\":\"https:\/\/npoo.biologija.unios.hr\/ekores\/novosti\/#breadcrumb\",\"itemListElement\":[{\"@type\":\"ListItem\",\"position\":1,\"name\":\"Po\u010detna stranica\",\"item\":\"https:\/\/npoo.biologija.unios.hr\/ekores\/\"},{\"@type\":\"ListItem\",\"position\":2,\"name\":\"Novosti\"}]},{\"@type\":\"WebSite\",\"@id\":\"https:\/\/npoo.biologija.unios.hr\/ekores\/#website\",\"url\":\"https:\/\/npoo.biologija.unios.hr\/ekores\/\",\"name\":\"EkoRES - Otpornost ekosustava na kombiniranu prijetnju su\u0161e i degradacije tla\",\"description\":\"Otpornost ekosustava na kombiniranu prijetnju su\u0161e i degradacije tla\",\"publisher\":{\"@id\":\"https:\/\/npoo.biologija.unios.hr\/ekores\/#organization\"},\"potentialAction\":[{\"@type\":\"SearchAction\",\"target\":{\"@type\":\"EntryPoint\",\"urlTemplate\":\"https:\/\/npoo.biologija.unios.hr\/ekores\/?s={search_term_string}\"},\"query-input\":{\"@type\":\"PropertyValueSpecification\",\"valueRequired\":true,\"valueName\":\"search_term_string\"}}],\"inLanguage\":\"hr\"},{\"@type\":\"Organization\",\"@id\":\"https:\/\/npoo.biologija.unios.hr\/ekores\/#organization\",\"name\":\"EkoRES - Otpornost ekosustava na kombiniranu prijetnju su\u0161e i degradacije tla\",\"url\":\"https:\/\/npoo.biologija.unios.hr\/ekores\/\",\"logo\":{\"@type\":\"ImageObject\",\"inLanguage\":\"hr\",\"@id\":\"https:\/\/npoo.biologija.unios.hr\/ekores\/#\/schema\/logo\/image\/\",\"url\":\"https:\/\/npoo.biologija.unios.hr\/ekores\/wp-content\/uploads\/sites\/3\/2025\/12\/ekores_logo-1.png\",\"contentUrl\":\"https:\/\/npoo.biologija.unios.hr\/ekores\/wp-content\/uploads\/sites\/3\/2025\/12\/ekores_logo-1.png\",\"width\":563,\"height\":740,\"caption\":\"EkoRES - Otpornost ekosustava na kombiniranu prijetnju su\u0161e i degradacije tla\"},\"image\":{\"@id\":\"https:\/\/npoo.biologija.unios.hr\/ekores\/#\/schema\/logo\/image\/\"}}]}<\/script>\n<!-- \/ Yoast SEO plugin. -->","yoast_head_json":{"title":"Novosti - EkoRES - Otpornost ekosustava na kombiniranu prijetnju su\u0161e i degradacije tla","robots":{"index":"index","follow":"follow","max-snippet":"max-snippet:-1","max-image-preview":"max-image-preview:large","max-video-preview":"max-video-preview:-1"},"canonical":"https:\/\/npoo.biologija.unios.hr\/ekores\/novosti\/","og_locale":"hr_HR","og_type":"article","og_title":"Novosti - EkoRES - Otpornost ekosustava na kombiniranu prijetnju su\u0161e i degradacije tla","og_description":"Odr\u017ean po\u010detni projektni sastanak Na Odjelu za biologiju Sveu\u010dili\u0161ta J. J. Strossmayera u Osijeku uspje\u0161no je zapo\u010deo projekt \u201eOtpornost ekosustava na kombiniranu prijetnju su\u0161e i degradacije tla: mehanizmi, bioindikatori i prediktivno modeliranje\u201c (EKORES), financiran u sklopu Nacionalnog plana oporavka i otpornosti 2021.\u20132026. Projektni tim \u010dine voditeljica projekta prof. dr. sc. Davorka Hackenberger Kutuzovi\u0107 i suradnici: [&hellip;]","og_url":"https:\/\/npoo.biologija.unios.hr\/ekores\/novosti\/","og_site_name":"EkoRES - Otpornost ekosustava na kombiniranu prijetnju su\u0161e i degradacije tla","article_modified_time":"2025-12-14T17:25:13+00:00","og_image":[{"url":"https:\/\/npoo.biologija.unios.hr\/projekt2\/wp-content\/uploads\/sites\/3\/2025\/12\/EKORES_kick_off-1024x577.jpg","type":"","width":"","height":""}],"twitter_card":"summary_large_image","twitter_misc":{"Procijenjeno vrijeme \u010ditanja":"1 minuta"},"schema":{"@context":"https:\/\/schema.org","@graph":[{"@type":"WebPage","@id":"https:\/\/npoo.biologija.unios.hr\/ekores\/novosti\/","url":"https:\/\/npoo.biologija.unios.hr\/ekores\/novosti\/","name":"Novosti - EkoRES - Otpornost ekosustava na kombiniranu prijetnju su\u0161e i degradacije tla","isPartOf":{"@id":"https:\/\/npoo.biologija.unios.hr\/ekores\/#website"},"primaryImageOfPage":{"@id":"https:\/\/npoo.biologija.unios.hr\/ekores\/novosti\/#primaryimage"},"image":{"@id":"https:\/\/npoo.biologija.unios.hr\/ekores\/novosti\/#primaryimage"},"thumbnailUrl":"https:\/\/npoo.biologija.unios.hr\/projekt2\/wp-content\/uploads\/sites\/3\/2025\/12\/EKORES_kick_off-1024x577.jpg","datePublished":"2025-11-28T17:13:38+00:00","dateModified":"2025-12-14T17:25:13+00:00","breadcrumb":{"@id":"https:\/\/npoo.biologija.unios.hr\/ekores\/novosti\/#breadcrumb"},"inLanguage":"hr","potentialAction":[{"@type":"ReadAction","target":["https:\/\/npoo.biologija.unios.hr\/ekores\/novosti\/"]}]},{"@type":"ImageObject","inLanguage":"hr","@id":"https:\/\/npoo.biologija.unios.hr\/ekores\/novosti\/#primaryimage","url":"https:\/\/npoo.biologija.unios.hr\/projekt2\/wp-content\/uploads\/sites\/3\/2025\/12\/EKORES_kick_off-1024x577.jpg","contentUrl":"https:\/\/npoo.biologija.unios.hr\/projekt2\/wp-content\/uploads\/sites\/3\/2025\/12\/EKORES_kick_off-1024x577.jpg"},{"@type":"BreadcrumbList","@id":"https:\/\/npoo.biologija.unios.hr\/ekores\/novosti\/#breadcrumb","itemListElement":[{"@type":"ListItem","position":1,"name":"Po\u010detna stranica","item":"https:\/\/npoo.biologija.unios.hr\/ekores\/"},{"@type":"ListItem","position":2,"name":"Novosti"}]},{"@type":"WebSite","@id":"https:\/\/npoo.biologija.unios.hr\/ekores\/#website","url":"https:\/\/npoo.biologija.unios.hr\/ekores\/","name":"EkoRES - Otpornost ekosustava na kombiniranu prijetnju su\u0161e i degradacije tla","description":"Otpornost ekosustava na kombiniranu prijetnju su\u0161e i degradacije tla","publisher":{"@id":"https:\/\/npoo.biologija.unios.hr\/ekores\/#organization"},"potentialAction":[{"@type":"SearchAction","target":{"@type":"EntryPoint","urlTemplate":"https:\/\/npoo.biologija.unios.hr\/ekores\/?s={search_term_string}"},"query-input":{"@type":"PropertyValueSpecification","valueRequired":true,"valueName":"search_term_string"}}],"inLanguage":"hr"},{"@type":"Organization","@id":"https:\/\/npoo.biologija.unios.hr\/ekores\/#organization","name":"EkoRES - Otpornost ekosustava na kombiniranu prijetnju su\u0161e i degradacije tla","url":"https:\/\/npoo.biologija.unios.hr\/ekores\/","logo":{"@type":"ImageObject","inLanguage":"hr","@id":"https:\/\/npoo.biologija.unios.hr\/ekores\/#\/schema\/logo\/image\/","url":"https:\/\/npoo.biologija.unios.hr\/ekores\/wp-content\/uploads\/sites\/3\/2025\/12\/ekores_logo-1.png","contentUrl":"https:\/\/npoo.biologija.unios.hr\/ekores\/wp-content\/uploads\/sites\/3\/2025\/12\/ekores_logo-1.png","width":563,"height":740,"caption":"EkoRES - Otpornost ekosustava na kombiniranu prijetnju su\u0161e i degradacije tla"},"image":{"@id":"https:\/\/npoo.biologija.unios.hr\/ekores\/#\/schema\/logo\/image\/"}}]}},"_links":{"self":[{"href":"https:\/\/npoo.biologija.unios.hr\/ekores\/wp-json\/wp\/v2\/pages\/23","targetHints":{"allow":["GET"]}}],"collection":[{"href":"https:\/\/npoo.biologija.unios.hr\/ekores\/wp-json\/wp\/v2\/pages"}],"about":[{"href":"https:\/\/npoo.biologija.unios.hr\/ekores\/wp-json\/wp\/v2\/types\/page"}],"author":[{"embeddable":true,"href":"https:\/\/npoo.biologija.unios.hr\/ekores\/wp-json\/wp\/v2\/users\/3"}],"replies":[{"embeddable":true,"href":"https:\/\/npoo.biologija.unios.hr\/ekores\/wp-json\/wp\/v2\/comments?post=23"}],"version-history":[{"count":2,"href":"https:\/\/npoo.biologija.unios.hr\/ekores\/wp-json\/wp\/v2\/pages\/23\/revisions"}],"predecessor-version":[{"id":29,"href":"https:\/\/npoo.biologija.unios.hr\/ekores\/wp-json\/wp\/v2\/pages\/23\/revisions\/29"}],"wp:attachment":[{"href":"https:\/\/npoo.biologija.unios.hr\/ekores\/wp-json\/wp\/v2\/media?parent=23"}],"curies":[{"name":"wp","href":"https:\/\/api.w.org\/{rel}","templated":true}]}}