{"id":165,"date":"2025-12-19T19:01:22","date_gmt":"2025-12-19T18:01:22","guid":{"rendered":"https:\/\/npoo.biologija.unios.hr\/projekt4\/?page_id=165"},"modified":"2026-01-14T12:53:44","modified_gmt":"2026-01-14T11:53:44","slug":"o-projektu","status":"publish","type":"page","link":"https:\/\/npoo.biologija.unios.hr\/zastek\/","title":{"rendered":"O projektu"},"content":{"rendered":"\t\t<div data-elementor-type=\"wp-page\" data-elementor-id=\"165\" class=\"elementor elementor-165\">\n\t\t\t\t<div class=\"elementor-element elementor-element-9d1fd88 e-flex e-con-boxed e-con e-parent\" data-id=\"9d1fd88\" data-element_type=\"container\">\n\t\t\t\t\t<div class=\"e-con-inner\">\n\t\t\t\t<div class=\"elementor-element elementor-element-febe684 elementor-widget elementor-widget-text-editor\" data-id=\"febe684\" data-element_type=\"widget\" data-widget_type=\"text-editor.default\">\n\t\t\t\t\t\t\t\t\t<h2>Zaga\u0111ivala kao stresori u akvati\u010dkim i terestri\u010dkim ekosustavima \u00a0<\/h2><p><span data-contrast=\"auto\"><strong>Sa\u017eetak projekta:<\/strong> Zaga\u0111ivala poput te\u0161kih metala, pesticida, farmaceutika, PAH-ova, PCB-ova te mikro- i nanoplastike dospijevaju u okoli\u0161 prirodnim procesima i ljudskom djelatno\u0161\u0107u. Zbog svoje postojanosti, ona se zadr\u017eavaju u okoli\u0161u, akumuliraju u organizmima i naru\u0161avaju ekolo\u0161ku ravnote\u017eu. Njihovo djelovanje mo\u017ee izazvati promjene na molekularnoj, biokemijskoj, fiziolo\u0161koj i pona\u0161ajnoj razini organizama, \u0161to utje\u010de na stabilnost i regeneracijsku sposobnost ekosustava. Pra\u0107enje prisutnosti i u\u010dinaka zaga\u0111ivala mogu\u0107e je kemijskom analizom i biolo\u0161kim metodama, pri \u010demu kombinacija oba pristupa daje najpouzdanije podatke. Za to je va\u017eno odabrati odgovaraju\u0107e modelne organizme, kao \u0161to su akvati\u010dni kukci, ribe, vodozemci i ptice. Ihtiofagne ptice posebno su korisne jer omogu\u0107uju neinvazivno uzorkovanje (pera, ljuske jaja), u skladu s 3R na\u010delom. U Hrvatskoj trenutno ne postoji sustavno istra\u017eivanje bioakumulacije zaga\u0111ivala. Predlo\u017eeno istra\u017eivanje usmjereno je na uspostavu biomonitoringa temeljenog na analizi akumulacije zaga\u0111ivala i odgovora biomarkera u razli\u010ditim vrstama. Dobiveni podaci doprinijet \u0107e boljem razumijevanju utjecaja zaga\u0111ivala te razvoju u\u010dinkovitih okoli\u0161nih politika i mjera za\u0161tite ekosustava.<\/span><span data-ccp-props=\"{&quot;335551550&quot;:6,&quot;335551620&quot;:6}\">\u00a0<\/span><\/p><p><strong>Trajanje projekta:<\/strong>\u00a001.10.2025.-30.09.2029.<\/p><p><strong>Iznos financiranja:<\/strong> 104.000,00 EUR<\/p><p><strong>\u010clanovi istra\u017eiva\u010dkog tima<\/strong><\/p><p><strong>Voditeljica projekta<\/strong><\/p><p>Doc. dr. sc. Alma Miku\u0161ka<\/p><p>kontakt\u00a0<a href=\"amikuska@biologija.unios.hr\">amikuska@biologija.unios.hr<\/a><\/p><p><strong>Suradnici na projektu<\/strong><\/p><p><span class=\"TextRun SCXW88864089 BCX2\" lang=\"HR-HR\" xml:lang=\"HR-HR\" data-contrast=\"auto\"><span class=\"NormalTextRun SCXW88864089 BCX2\">Prof. dr. sc. Mirna <\/span><span class=\"NormalTextRun SpellingErrorV2Themed SpellingErrorHighlight SCXW88864089 BCX2\">Velki<\/span><\/span><\/p><p>Izv. <span class=\"TextRun SCXW88864089 BCX2\" lang=\"HR-HR\" xml:lang=\"HR-HR\" data-contrast=\"auto\"><span class=\"NormalTextRun SCXW88864089 BCX2\">prof. dr. sc. Sandra E\u010dimovi\u0107<\/span><\/span><\/p><p>Izv. <span class=\"TextRun SCXW88864089 BCX2\" lang=\"HR-HR\" xml:lang=\"HR-HR\" data-contrast=\"auto\"><span class=\"NormalTextRun SCXW88864089 BCX2\">prof. dr. sc. Mirta Sudari\u0107 Bogojevi\u0107<\/span><\/span><\/p><p>Izv. <span class=\"TextRun SCXW88864089 BCX2\" lang=\"HR-HR\" xml:lang=\"HR-HR\" data-contrast=\"auto\"><span class=\"NormalTextRun SCXW88864089 BCX2\">prof. dr. sc. Lidija Kalini\u0107<\/span><\/span><\/p><p>Doc<span class=\"TextRun SCXW88864089 BCX2\" lang=\"HR-HR\" xml:lang=\"HR-HR\" data-contrast=\"auto\"><span class=\"NormalTextRun SCXW88864089 BCX2\">. dr. sc. Dora Bjedov<\/span><\/span><\/p><p>Doc<span class=\"TextRun SCXW88864089 BCX2\" lang=\"HR-HR\" xml:lang=\"HR-HR\" data-contrast=\"auto\"><span class=\"NormalTextRun SCXW88864089 BCX2\">. dr. sc. Mislav Kova\u010di\u0107<\/span><\/span><\/p><p>mr. sc. \u017deljko Zahirovi\u0107<\/p>\t\t\t\t\t\t\t\t<\/div>\n\t\t\t\t\t<\/div>\n\t\t\t\t<\/div>\n\t\t\t\t<\/div>\n\t\t","protected":false},"excerpt":{"rendered":"<p>Zaga\u0111ivala kao stresori u akvati\u010dkim i terestri\u010dkim ekosustavima Sa\u017eetak projekta: Zaga\u0111ivala poput te\u0161kih metala, pesticida, farmaceutika, PAH-ova, PCB-ova te mikro- [&hellip;]<\/p>\n","protected":false},"author":5,"featured_media":0,"parent":0,"menu_order":0,"comment_status":"closed","ping_status":"closed","template":"","meta":{"site-sidebar-layout":"no-sidebar","site-content-layout":"","ast-site-content-layout":"full-width-container","site-content-style":"default","site-sidebar-style":"default","ast-global-header-display":"","ast-banner-title-visibility":"","ast-main-header-display":"","ast-hfb-above-header-display":"","ast-hfb-below-header-display":"","ast-hfb-mobile-header-display":"","site-post-title":"","ast-breadcrumbs-content":"","ast-featured-img":"disabled","footer-sml-layout":"","ast-disable-related-posts":"","theme-transparent-header-meta":"default","adv-header-id-meta":"","stick-header-meta":"","header-above-stick-meta":"","header-main-stick-meta":"","header-below-stick-meta":"","astra-migrate-meta-layouts":"set","ast-page-background-enabled":"default","ast-page-background-meta":{"desktop":{"background-color":"var(--ast-global-color-5)","background-image":"","background-repeat":"repeat","background-position":"center center","background-size":"auto","background-attachment":"scroll","background-type":"","background-media":"","overlay-type":"","overlay-color":"","overlay-opacity":"","overlay-gradient":""},"tablet":{"background-color":"","background-image":"","background-repeat":"repeat","background-position":"center center","background-size":"auto","background-attachment":"scroll","background-type":"","background-media":"","overlay-type":"","overlay-color":"","overlay-opacity":"","overlay-gradient":""},"mobile":{"background-color":"","background-image":"","background-repeat":"repeat","background-position":"center center","background-size":"auto","background-attachment":"scroll","background-type":"","background-media":"","overlay-type":"","overlay-color":"","overlay-opacity":"","overlay-gradient":""}},"ast-content-background-meta":{"desktop":{"background-color":"var(--ast-global-color-4)","background-image":"","background-repeat":"repeat","background-position":"center center","background-size":"auto","background-attachment":"scroll","background-type":"","background-media":"","overlay-type":"","overlay-color":"","overlay-opacity":"","overlay-gradient":""},"tablet":{"background-color":"var(--ast-global-color-4)","background-image":"","background-repeat":"repeat","background-position":"center center","background-size":"auto","background-attachment":"scroll","background-type":"","background-media":"","overlay-type":"","overlay-color":"","overlay-opacity":"","overlay-gradient":""},"mobile":{"background-color":"var(--ast-global-color-4)","background-image":"","background-repeat":"repeat","background-position":"center center","background-size":"auto","background-attachment":"scroll","background-type":"","background-media":"","overlay-type":"","overlay-color":"","overlay-opacity":"","overlay-gradient":""}},"footnotes":""},"class_list":["post-165","page","type-page","status-publish","hentry"],"yoast_head":"<!-- This site is optimized with the Yoast SEO plugin v26.7 - https:\/\/yoast.com\/wordpress\/plugins\/seo\/ -->\n<title>O projektu - ZASTEK<\/title>\n<meta name=\"description\" content=\"o-projektu-zastek\" \/>\n<meta name=\"robots\" content=\"index, follow, max-snippet:-1, max-image-preview:large, max-video-preview:-1\" \/>\n<link rel=\"canonical\" href=\"https:\/\/npoo.biologija.unios.hr\/zastek\/\" \/>\n<meta property=\"og:locale\" content=\"hr_HR\" \/>\n<meta property=\"og:type\" content=\"article\" \/>\n<meta property=\"og:title\" content=\"O projektu - ZASTEK\" \/>\n<meta property=\"og:description\" content=\"o-projektu-zastek\" \/>\n<meta property=\"og:url\" content=\"https:\/\/npoo.biologija.unios.hr\/zastek\/\" \/>\n<meta property=\"og:site_name\" content=\"ZASTEK\" \/>\n<meta property=\"article:modified_time\" content=\"2026-01-14T11:53:44+00:00\" \/>\n<meta name=\"twitter:card\" content=\"summary_large_image\" \/>\n<meta name=\"twitter:label1\" content=\"Procijenjeno vrijeme \u010ditanja\" \/>\n\t<meta name=\"twitter:data1\" content=\"2 minute\" \/>\n<script type=\"application\/ld+json\" class=\"yoast-schema-graph\">{\"@context\":\"https:\/\/schema.org\",\"@graph\":[{\"@type\":\"WebPage\",\"@id\":\"https:\/\/npoo.biologija.unios.hr\/zastek\/\",\"url\":\"https:\/\/npoo.biologija.unios.hr\/zastek\/\",\"name\":\"O projektu - ZASTEK\",\"isPartOf\":{\"@id\":\"https:\/\/npoo.biologija.unios.hr\/zastek\/#website\"},\"datePublished\":\"2025-12-19T18:01:22+00:00\",\"dateModified\":\"2026-01-14T11:53:44+00:00\",\"description\":\"o-projektu-zastek\",\"breadcrumb\":{\"@id\":\"https:\/\/npoo.biologija.unios.hr\/zastek\/#breadcrumb\"},\"inLanguage\":\"hr\",\"potentialAction\":[{\"@type\":\"ReadAction\",\"target\":[\"https:\/\/npoo.biologija.unios.hr\/zastek\/\"]}]},{\"@type\":\"BreadcrumbList\",\"@id\":\"https:\/\/npoo.biologija.unios.hr\/zastek\/#breadcrumb\",\"itemListElement\":[{\"@type\":\"ListItem\",\"position\":1,\"name\":\"Po\u010detna stranica\",\"item\":\"https:\/\/npoo.biologija.unios.hr\/zastek\/\"},{\"@type\":\"ListItem\",\"position\":2,\"name\":\"O projektu\"}]},{\"@type\":\"WebSite\",\"@id\":\"https:\/\/npoo.biologija.unios.hr\/zastek\/#website\",\"url\":\"https:\/\/npoo.biologija.unios.hr\/zastek\/\",\"name\":\"ZASTEK\",\"description\":\"ZASTEK\",\"publisher\":{\"@id\":\"https:\/\/npoo.biologija.unios.hr\/zastek\/#organization\"},\"potentialAction\":[{\"@type\":\"SearchAction\",\"target\":{\"@type\":\"EntryPoint\",\"urlTemplate\":\"https:\/\/npoo.biologija.unios.hr\/zastek\/?s={search_term_string}\"},\"query-input\":{\"@type\":\"PropertyValueSpecification\",\"valueRequired\":true,\"valueName\":\"search_term_string\"}}],\"inLanguage\":\"hr\"},{\"@type\":\"Organization\",\"@id\":\"https:\/\/npoo.biologija.unios.hr\/zastek\/#organization\",\"name\":\"Odjel za Biologiju, Sveu\u010dili\u0161te Josipa Jurja Strossmayera u Osijeku\",\"alternateName\":\"Department of Biology, J. J. Strossmayer University of Osijek\",\"url\":\"https:\/\/npoo.biologija.unios.hr\/zastek\/\",\"logo\":{\"@type\":\"ImageObject\",\"inLanguage\":\"hr\",\"@id\":\"https:\/\/npoo.biologija.unios.hr\/zastek\/#\/schema\/logo\/image\/\",\"url\":\"https:\/\/npoo.biologija.unios.hr\/zastek\/wp-content\/uploads\/sites\/5\/2025\/12\/Logo-manja-rezolucija.jpg\",\"contentUrl\":\"https:\/\/npoo.biologija.unios.hr\/zastek\/wp-content\/uploads\/sites\/5\/2025\/12\/Logo-manja-rezolucija.jpg\",\"width\":1150,\"height\":1178,\"caption\":\"Odjel za Biologiju, Sveu\u010dili\u0161te Josipa Jurja Strossmayera u Osijeku\"},\"image\":{\"@id\":\"https:\/\/npoo.biologija.unios.hr\/zastek\/#\/schema\/logo\/image\/\"}}]}<\/script>\n<!-- \/ Yoast SEO plugin. -->","yoast_head_json":{"title":"O projektu - ZASTEK","description":"o-projektu-zastek","robots":{"index":"index","follow":"follow","max-snippet":"max-snippet:-1","max-image-preview":"max-image-preview:large","max-video-preview":"max-video-preview:-1"},"canonical":"https:\/\/npoo.biologija.unios.hr\/zastek\/","og_locale":"hr_HR","og_type":"article","og_title":"O projektu - ZASTEK","og_description":"o-projektu-zastek","og_url":"https:\/\/npoo.biologija.unios.hr\/zastek\/","og_site_name":"ZASTEK","article_modified_time":"2026-01-14T11:53:44+00:00","twitter_card":"summary_large_image","twitter_misc":{"Procijenjeno vrijeme \u010ditanja":"2 minute"},"schema":{"@context":"https:\/\/schema.org","@graph":[{"@type":"WebPage","@id":"https:\/\/npoo.biologija.unios.hr\/zastek\/","url":"https:\/\/npoo.biologija.unios.hr\/zastek\/","name":"O projektu - ZASTEK","isPartOf":{"@id":"https:\/\/npoo.biologija.unios.hr\/zastek\/#website"},"datePublished":"2025-12-19T18:01:22+00:00","dateModified":"2026-01-14T11:53:44+00:00","description":"o-projektu-zastek","breadcrumb":{"@id":"https:\/\/npoo.biologija.unios.hr\/zastek\/#breadcrumb"},"inLanguage":"hr","potentialAction":[{"@type":"ReadAction","target":["https:\/\/npoo.biologija.unios.hr\/zastek\/"]}]},{"@type":"BreadcrumbList","@id":"https:\/\/npoo.biologija.unios.hr\/zastek\/#breadcrumb","itemListElement":[{"@type":"ListItem","position":1,"name":"Po\u010detna stranica","item":"https:\/\/npoo.biologija.unios.hr\/zastek\/"},{"@type":"ListItem","position":2,"name":"O projektu"}]},{"@type":"WebSite","@id":"https:\/\/npoo.biologija.unios.hr\/zastek\/#website","url":"https:\/\/npoo.biologija.unios.hr\/zastek\/","name":"ZASTEK","description":"ZASTEK","publisher":{"@id":"https:\/\/npoo.biologija.unios.hr\/zastek\/#organization"},"potentialAction":[{"@type":"SearchAction","target":{"@type":"EntryPoint","urlTemplate":"https:\/\/npoo.biologija.unios.hr\/zastek\/?s={search_term_string}"},"query-input":{"@type":"PropertyValueSpecification","valueRequired":true,"valueName":"search_term_string"}}],"inLanguage":"hr"},{"@type":"Organization","@id":"https:\/\/npoo.biologija.unios.hr\/zastek\/#organization","name":"Odjel za Biologiju, Sveu\u010dili\u0161te Josipa Jurja Strossmayera u Osijeku","alternateName":"Department of Biology, J. J. Strossmayer University of Osijek","url":"https:\/\/npoo.biologija.unios.hr\/zastek\/","logo":{"@type":"ImageObject","inLanguage":"hr","@id":"https:\/\/npoo.biologija.unios.hr\/zastek\/#\/schema\/logo\/image\/","url":"https:\/\/npoo.biologija.unios.hr\/zastek\/wp-content\/uploads\/sites\/5\/2025\/12\/Logo-manja-rezolucija.jpg","contentUrl":"https:\/\/npoo.biologija.unios.hr\/zastek\/wp-content\/uploads\/sites\/5\/2025\/12\/Logo-manja-rezolucija.jpg","width":1150,"height":1178,"caption":"Odjel za Biologiju, Sveu\u010dili\u0161te Josipa Jurja Strossmayera u Osijeku"},"image":{"@id":"https:\/\/npoo.biologija.unios.hr\/zastek\/#\/schema\/logo\/image\/"}}]}},"_links":{"self":[{"href":"https:\/\/npoo.biologija.unios.hr\/zastek\/wp-json\/wp\/v2\/pages\/165","targetHints":{"allow":["GET"]}}],"collection":[{"href":"https:\/\/npoo.biologija.unios.hr\/zastek\/wp-json\/wp\/v2\/pages"}],"about":[{"href":"https:\/\/npoo.biologija.unios.hr\/zastek\/wp-json\/wp\/v2\/types\/page"}],"author":[{"embeddable":true,"href":"https:\/\/npoo.biologija.unios.hr\/zastek\/wp-json\/wp\/v2\/users\/5"}],"replies":[{"embeddable":true,"href":"https:\/\/npoo.biologija.unios.hr\/zastek\/wp-json\/wp\/v2\/comments?post=165"}],"version-history":[{"count":21,"href":"https:\/\/npoo.biologija.unios.hr\/zastek\/wp-json\/wp\/v2\/pages\/165\/revisions"}],"predecessor-version":[{"id":305,"href":"https:\/\/npoo.biologija.unios.hr\/zastek\/wp-json\/wp\/v2\/pages\/165\/revisions\/305"}],"wp:attachment":[{"href":"https:\/\/npoo.biologija.unios.hr\/zastek\/wp-json\/wp\/v2\/media?parent=165"}],"curies":[{"name":"wp","href":"https:\/\/api.w.org\/{rel}","templated":true}]}}